{"id":222,"date":"2021-06-22T22:03:53","date_gmt":"2021-06-22T20:03:53","guid":{"rendered":"https:\/\/www.krimilektorat.de\/creative\/?page_id=222"},"modified":"2021-06-23T01:06:09","modified_gmt":"2021-06-22T23:06:09","slug":"drei-fragen-an-lisa-fessler","status":"publish","type":"page","link":"https:\/\/www.krimilektorat.de\/creative\/drei-fragen-an-lisa-fessler\/","title":{"rendered":"Drei Fragen an Lisa Fe\u00dfler"},"content":{"rendered":"\n<pre class=\"wp-block-preformatted\">F\u00fcr die Anthologie <em>The Only One in the World <\/em>stellte mir Atlin Merrick von Clan Destine Press drei Fragen. Dies ist die deutsche \u00dcbersetzung des kurzen Interviews, das man <a rel=\"noreferrer noopener\" href=\"https:\/\/www.clandestinepress.net\/blogs\/clan_destine_press_blog\/the-only-one-in-the-world-lisa-fessler-interview\" target=\"_blank\">hier<\/a> im Original nachlesen kann. <\/pre>\n\n\n\n<div class=\"wp-block-media-text alignwide is-stacked-on-mobile\" style=\"grid-template-columns:28% auto\"><figure class=\"wp-block-media-text__media\"><img loading=\"lazy\" decoding=\"async\" width=\"571\" height=\"1024\" src=\"https:\/\/www.krimilektorat.de\/creative\/wp-content\/uploads\/2021\/06\/clan_destine_press_logo-571x1024.jpg\" alt=\"\" class=\"wp-image-227 size-full\" srcset=\"https:\/\/www.krimilektorat.de\/creative\/wp-content\/uploads\/2021\/06\/clan_destine_press_logo-571x1024.jpg 571w, https:\/\/www.krimilektorat.de\/creative\/wp-content\/uploads\/2021\/06\/clan_destine_press_logo-167x300.jpg 167w, https:\/\/www.krimilektorat.de\/creative\/wp-content\/uploads\/2021\/06\/clan_destine_press_logo-768x1378.jpg 768w, https:\/\/www.krimilektorat.de\/creative\/wp-content\/uploads\/2021\/06\/clan_destine_press_logo-856x1536.jpg 856w, https:\/\/www.krimilektorat.de\/creative\/wp-content\/uploads\/2021\/06\/clan_destine_press_logo-1142x2048.jpg 1142w, https:\/\/www.krimilektorat.de\/creative\/wp-content\/uploads\/2021\/06\/clan_destine_press_logo-scaled.jpg 1427w\" sizes=\"auto, (max-width: 571px) 100vw, 571px\" \/><\/figure><div class=\"wp-block-media-text__content\">\n<p><strong>1. Was war das Interessanteste, das du beim Schreiben der Kurzgeschichte recherchiert hast?<\/strong><\/p>\n\n\n\n<p>Das ist ganz klar die \u201e<a rel=\"noreferrer noopener\" href=\"https:\/\/de.wikipedia.org\/wiki\/Distanzradfahrt_Wien%E2%80%93Berlin\" target=\"_blank\">Distanzradfahrt<\/a>\u201c von Wien nach Berlin Ende Juni 1893. Ich h\u00e4tte nicht erwartet, dass im sp\u00e4ten 19. Jahrhundert schon so ein Fahrradrennen stattgefunden hat. Radfahren galt damals als eine verr\u00fcckte neue Mode f\u00fcr die Reichen. Offizieren der preu\u00dfischen Armee war es verboten, mit einem Fahrrad zu fahren. Die Distanzradfahrt wurde organisiert, um zu beweisen, dass man mit einem Fahrrad schneller war als ein reitender Offizier. Das Rennen war das gr\u00f6\u00dfte Stra\u00dfenrennen in Deutschland und \u00d6sterreich vor dem 1. Weltkrieg. Nur M\u00e4nner durften daran teilnehmen, das Startgeld betrug zehn Mark. Die Strecke war 582,5 Kilometer lang.<\/p>\n<\/div><\/div>\n\n\n\n<p>Einer der Favoriten hatte angeblich 16 \u201eSchrittmacher\u201c als Mitfahrer, die ihn zu H\u00f6chstleistung antreiben sollten. Der Gewinner war ein Josef Fischer aus M\u00fcnchen. Er fuhr die Strecke in etwas \u00fcber 31 Stunden, ein Reiter h\u00e4tte 72 Stunden daf\u00fcr ben\u00f6tigt.<\/p>\n\n\n\n<p><br><strong>2. Was hat dir beim Schreiben deiner Geschichte f\u00fcr <em>The Only One in the World<\/em> am meisten Spa\u00df gemacht?<\/strong><\/p>\n\n\n\n<div class=\"wp-block-media-text alignwide has-media-on-the-right is-stacked-on-mobile\" style=\"grid-template-columns:auto 29%\"><figure class=\"wp-block-media-text__media\"><img loading=\"lazy\" decoding=\"async\" width=\"800\" height=\"800\" src=\"https:\/\/www.krimilektorat.de\/creative\/wp-content\/uploads\/2021\/06\/tiroler-hut.jpg\" alt=\"\" class=\"wp-image-146 size-full\" srcset=\"https:\/\/www.krimilektorat.de\/creative\/wp-content\/uploads\/2021\/06\/tiroler-hut.jpg 800w, https:\/\/www.krimilektorat.de\/creative\/wp-content\/uploads\/2021\/06\/tiroler-hut-300x300.jpg 300w, https:\/\/www.krimilektorat.de\/creative\/wp-content\/uploads\/2021\/06\/tiroler-hut-150x150.jpg 150w, https:\/\/www.krimilektorat.de\/creative\/wp-content\/uploads\/2021\/06\/tiroler-hut-768x768.jpg 768w, https:\/\/www.krimilektorat.de\/creative\/wp-content\/uploads\/2021\/06\/tiroler-hut-100x100.jpg 100w\" sizes=\"auto, (max-width: 767px) 89vw, (max-width: 1000px) 54vw, (max-width: 1071px) 543px, 580px\" \/><\/figure><div class=\"wp-block-media-text__content\">\n<p>Ich hatte viel Spa\u00df daran, deutsche Entsprechungen f\u00fcr die typisch britischen Dinge zu finden, die die Welt und \u00fcberhaupt die Figur Sherlock Holmes ausmachen: London, 221b Baker Street, die Haush\u00e4lterin Mrs Hudson, der Deerstalker \u2013 in meiner Geschichte wurde daraus Berlin, die Sophienstra\u00dfe 21b, Frau Huber und ein Tirolerhut.<\/p>\n<\/div><\/div>\n\n\n\n<p><br><strong>3. Was siehst du als das typisch Deutsche an deinem Holmes und\/oder Watson?<\/strong> <\/p>\n\n\n\n<p>Mein deutscher Holms orientiert sich stark an seinem britischen Original. Aber die Liebe und Bewunderung von Johann Watson f\u00fcr die B\u00fccher von Karl May \u2013 das ist typisch Deutsch: nicht, dass auch der britische Watson nicht gerne l\u00e4se, sondern dass er <em>Karl May<\/em> liest. Karl May geh\u00f6rt auch heute noch zu den popul\u00e4rsten Schriftstellern in Deutschland, er schrieb fiktionale Reiseabenteuer, die in Nordamerika und dem Nahen Osten spielen, mit einem Ich-Erz\u00e4hler, der \u201eKarl May\u201c hei\u00dft. Mays Ruf ist umstritten in Deutschland, er wird oft als Jugend- und Jungsliteratur ohne gro\u00dfen literarischen Wert abgetan. Ich bin da anderer Meinung, und es hat wirklich Spa\u00df gemacht, Karl May \u2013 diesen urdeutschen Autor \u2013 mit einem Fall f\u00fcr Sherlock Holms in der Geschichte auftauchen zu lassen.<\/p>\n<div style=\"margin-top: 0px; margin-bottom: 0px;\" class=\"sharethis-inline-follow-buttons\" ><\/div>","protected":false},"excerpt":{"rendered":"<p>F\u00fcr die Anthologie The Only One in the World stellte mir Atlin Merrick von Clan Destine Press drei Fragen. Dies ist die deutsche \u00dcbersetzung des kurzen Interviews, das man hier im Original nachlesen kann. 1. Was war das Interessanteste, das du beim Schreiben der Kurzgeschichte recherchiert hast? Das ist ganz klar die \u201eDistanzradfahrt\u201c von Wien &hellip; <\/p>\n<p class=\"link-more\"><a href=\"https:\/\/www.krimilektorat.de\/creative\/drei-fragen-an-lisa-fessler\/\" class=\"more-link\"><span class=\"screen-reader-text\">\u201eDrei Fragen an Lisa Fe\u00dfler\u201c <\/span>weiterlesen<\/a><\/p>\n","protected":false},"author":1,"featured_media":0,"parent":0,"menu_order":0,"comment_status":"closed","ping_status":"closed","template":"","meta":{"footnotes":""},"class_list":["post-222","page","type-page","status-publish","hentry"],"_links":{"self":[{"href":"https:\/\/www.krimilektorat.de\/creative\/wp-json\/wp\/v2\/pages\/222","targetHints":{"allow":["GET"]}}],"collection":[{"href":"https:\/\/www.krimilektorat.de\/creative\/wp-json\/wp\/v2\/pages"}],"about":[{"href":"https:\/\/www.krimilektorat.de\/creative\/wp-json\/wp\/v2\/types\/page"}],"author":[{"embeddable":true,"href":"https:\/\/www.krimilektorat.de\/creative\/wp-json\/wp\/v2\/users\/1"}],"replies":[{"embeddable":true,"href":"https:\/\/www.krimilektorat.de\/creative\/wp-json\/wp\/v2\/comments?post=222"}],"version-history":[{"count":11,"href":"https:\/\/www.krimilektorat.de\/creative\/wp-json\/wp\/v2\/pages\/222\/revisions"}],"predecessor-version":[{"id":268,"href":"https:\/\/www.krimilektorat.de\/creative\/wp-json\/wp\/v2\/pages\/222\/revisions\/268"}],"wp:attachment":[{"href":"https:\/\/www.krimilektorat.de\/creative\/wp-json\/wp\/v2\/media?parent=222"}],"curies":[{"name":"wp","href":"https:\/\/api.w.org\/{rel}","templated":true}]}}