{"id":237,"date":"2021-06-22T22:34:43","date_gmt":"2021-06-22T20:34:43","guid":{"rendered":"https:\/\/www.krimilektorat.de\/creative\/?page_id=237"},"modified":"2025-11-09T21:03:38","modified_gmt":"2025-11-09T20:03:38","slug":"romancoaching","status":"publish","type":"page","link":"https:\/\/www.krimilektorat.de\/creative\/romancoaching\/","title":{"rendered":"Romancoaching"},"content":{"rendered":"\n<h1 class=\"wp-block-heading\">Eine intensive Schreibwoche f\u00fcr Ihr Buch<\/h1>\n\n\n\n<p><br><strong>Termin:<\/strong> Montag, 11. Mai bis Samstag, 16. Mai 2026<br><strong>Ort:<\/strong> Nordkolleg Rendsburg &#8211; Schleswig-Holstein<br><strong>Anmeldeschuss:<\/strong> 19. April 2026<br><strong>Dozent*innen<\/strong>: Carlo Feber und Lisa Kuppler<\/p>\n\n\n\n<div class=\"wp-block-media-text alignwide is-stacked-on-mobile is-vertically-aligned-top\" style=\"grid-template-columns:55% auto\"><figure class=\"wp-block-media-text__media\"><img loading=\"lazy\" decoding=\"async\" width=\"768\" height=\"1024\" src=\"https:\/\/www.krimilektorat.de\/creative\/wp-content\/uploads\/2021\/06\/NK-Mohn-768x1024.jpg\" alt=\"Mohnbl\u00fcten\" class=\"wp-image-241 size-full\"\/><\/figure><div class=\"wp-block-media-text__content\">\n<h2 class=\"wp-block-heading\">Handwerkszeug des Kreativen Schreibens<\/h2>\n\n\n\n<p>Das Seminar  besteht aus Einf\u00fchrungen in das Handwerkszeug des Kreativen Schreibens, aus Diskussionsrunden \u00fcber die in der Woche entstehenden Texte der Teilnehmenden im Plenum und aus freien Schreibphasen, in denen am Roman geschrieben und die \u201eMeilensteine\u201c bearbeitet werden. Die M\u00f6glichkeit von Einzelcoachings ist im Seminarplan vorgesehen. Zum Abschluss des Seminars findet eine Lesung aus den entstandenen Texten statt. <\/p>\n<\/div><\/div>\n\n\n\n<h2 class=\"wp-block-heading\">Meilensteine bei Ihrem Projekt<\/h2>\n\n\n\n<p>In diesem j\u00e4hrlich stattfindenden Coaching- und Schreibseminar unterst\u00fctzen wir, der Autor Carlo Feber und ich, die Lektorin Lisa Kuppler, die Teilnehmenden individuell und kompetent beim Schreiben und Feilen am eigenen Romanprojekt. Zu Beginn des Seminars schlagen wir allen Teilnehmenden drei ambitionierte, realistisch umsetzbare, individuelle Schreibaufgaben vor., die so genannten \u201eMeilensteine\u201c. Grundlage f\u00fcr die Meilensteine sind ein Textauszug (15 Seiten] und das Expos\u00e9 des Romanprojekts, das die Teilnehmenden uns vorab einreichen.<\/p>\n\n\n\n<p>Das Romancoaching-Seminar richtet sich an Autorinnen und Autoren, die grunds\u00e4tzlich mit den Techniken des Kreativen Schreibens vertraut sind.<\/p>\n\n\n\n<p>Teilnahmebedingung ist, dass die Handlung des Romans in den Grundz\u00fcgen entwickelt und mindestens 25 Seiten geschrieben sind.<\/p>\n\n\n\n<p>Das Seminar ist geeignet f\u00fcr Buchprojekte aus den Genres Krimi, Liebesroman, Historischer Roman, Jugendbuch [ab 14 Jahre], Science Fiction und Fantasy sowie unterhaltende und literarische Romane.<br><\/p>\n\n\n\n<h2 class=\"wp-block-heading\">Schreiben und sonst gar nichts<\/h2>\n\n\n\n<p>Das Nordkolleg sorgt f\u00fcr Unterkunft und vier Mal am Tag f\u00fcr Verpflegung, es bietet R\u00e4ume zum Schreiben und Kl\u00f6nen,  einen bl\u00fchenden Garten und ruhige Wege entlang des Nord-Ostsee-Kanals oder der Eider zum Luftholen, Spazierengehen, um  zu sich und zum eignen Text finden.<\/p>\n\n\n\n<p><\/p>\n\n\n\n<p class=\"has-background\" style=\"background-color:#f2f99a\"><strong><a href=\"https:\/\/www.nordkolleg.de\/seminare\/details\/seminar\/l14-2026\/\" data-type=\"URL\" data-id=\"https:\/\/www.nordkolleg.de\/seminare\/details\/seminar\/l10-2023\/\">Anmeldung beim Nordkolleg<\/a><\/strong><br>Weitere Information zum Romancoaching und einen Link zur Online-Anmeldung finden Sie auf der <a href=\"https:\/\/www.nordkolleg.de\/seminare\/details\/seminar\/l14-2026\/\">Website des Nordkollegs<\/a>.<\/p>\n\n\n\n<h2 class=\"wp-block-heading\">Zweites Romancoaching im November<\/h2>\n\n\n\n<p>Dieses Jahr bieten wir ein zweiten Romancoaching-Seminar vom 9. bis 14. November 2026 an. Sie k\u00f6nnen sich gerne jetzt schon <a href=\"https:\/\/www.nordkolleg.de\/seminare\/details\/seminar\/l25-2026\/\">anmelden<\/a>. Der Anmeldeschluss ist der 18. Oktober 2026.<\/p>\n\n\n\n<p><\/p>\n<div style=\"margin-top: 0px; margin-bottom: 0px;\" class=\"sharethis-inline-follow-buttons\" ><\/div>","protected":false},"excerpt":{"rendered":"<p>Eine intensive Schreibwoche f\u00fcr Ihr Buch Termin: Montag, 11. Mai bis Samstag, 16. Mai 2026Ort: Nordkolleg Rendsburg &#8211; Schleswig-HolsteinAnmeldeschuss: 19. April 2026Dozent*innen: Carlo Feber und Lisa Kuppler Handwerkszeug des Kreativen Schreibens Das Seminar besteht aus Einf\u00fchrungen in das Handwerkszeug des Kreativen Schreibens, aus Diskussionsrunden \u00fcber die in der Woche entstehenden Texte der Teilnehmenden im Plenum &hellip; <\/p>\n<p class=\"link-more\"><a href=\"https:\/\/www.krimilektorat.de\/creative\/romancoaching\/\" class=\"more-link\"><span class=\"screen-reader-text\">\u201eRomancoaching\u201c <\/span>weiterlesen<\/a><\/p>\n","protected":false},"author":1,"featured_media":0,"parent":0,"menu_order":0,"comment_status":"closed","ping_status":"closed","template":"","meta":{"footnotes":""},"class_list":["post-237","page","type-page","status-publish","hentry"],"_links":{"self":[{"href":"https:\/\/www.krimilektorat.de\/creative\/wp-json\/wp\/v2\/pages\/237","targetHints":{"allow":["GET"]}}],"collection":[{"href":"https:\/\/www.krimilektorat.de\/creative\/wp-json\/wp\/v2\/pages"}],"about":[{"href":"https:\/\/www.krimilektorat.de\/creative\/wp-json\/wp\/v2\/types\/page"}],"author":[{"embeddable":true,"href":"https:\/\/www.krimilektorat.de\/creative\/wp-json\/wp\/v2\/users\/1"}],"replies":[{"embeddable":true,"href":"https:\/\/www.krimilektorat.de\/creative\/wp-json\/wp\/v2\/comments?post=237"}],"version-history":[{"count":36,"href":"https:\/\/www.krimilektorat.de\/creative\/wp-json\/wp\/v2\/pages\/237\/revisions"}],"predecessor-version":[{"id":652,"href":"https:\/\/www.krimilektorat.de\/creative\/wp-json\/wp\/v2\/pages\/237\/revisions\/652"}],"wp:attachment":[{"href":"https:\/\/www.krimilektorat.de\/creative\/wp-json\/wp\/v2\/media?parent=237"}],"curies":[{"name":"wp","href":"https:\/\/api.w.org\/{rel}","templated":true}]}}