{"id":345,"date":"2022-01-14T21:46:59","date_gmt":"2022-01-14T20:46:59","guid":{"rendered":"https:\/\/www.krimilektorat.de\/creative\/?page_id=345"},"modified":"2026-04-28T12:05:58","modified_gmt":"2026-04-28T10:05:58","slug":"schreibakademie","status":"publish","type":"page","link":"https:\/\/www.krimilektorat.de\/creative\/schreibakademie\/","title":{"rendered":"Schreibakademie am Nordkolleg und Nordstern-Stipendium"},"content":{"rendered":"\n<h1 class=\"wp-block-heading\">Ein intensives Jahr f\u00fcr Ihre Professionalisierung zu Autor*in<\/h1>\n\n\n\n<p>Die 4. Schreibakademie findet vom September 2026 bis Juni 2027 statt. Bewerbungen k\u00f6nnen schon eingereicht werden.<\/p>\n\n\n\n<p><strong>Dauer:<\/strong> September 2026 bis Juni 2027<br><strong>Ort:<\/strong> Nordkolleg Rendsburg \u2013 Schleswig-Holstein und online<br><strong>Dozent*innen<\/strong>: Carlo Feber und Lisa Kuppler<br><strong>Bewerbungsfrist: <\/strong><s>bis zum 6. April 2026<\/s> <font color=\"red\">verl\u00e4ngert bis 1. Juni 2025<\/font><br><br>Auch f\u00fcr die 4. Schreibakademie wird das <strong><a href=\"https:\/\/www.nordkolleg.de\/index.php?id=571\">Nordstern-Stipendium<\/a><\/strong> f\u00fcr eine schreibende Person ausgeschrieben, das die Kosten der Akademie, Unterkunft, Verpflegung sowie Reisekosten bis 400\u20ac umfasst.<\/p>\n\n\n\n<h2 class=\"wp-block-heading\">Sechs Seminare am Nordkolleg in Rendsburg<\/h2>\n\n\n\n<p>In sechs <strong>Pr\u00e4senzseminaren<\/strong> treffen sich die Teilnehmenden am Nordkolleg und entwickeln in einer Mischung aus Schreibpraxis und Theorie, mit spielerischen und kreativen \u00dcbungen und individuell auf das eigene Projekt zugeschnittenen Aufgaben ihre Buchprojekte weiter. <\/p>\n\n\n\n<p>In der kreativen Atmosph\u00e4re des Nordkollegs soll der Kurs eine Meisterklasse des Schreibens werden \u2013 eine intensive Schreibgruppe f\u00fcr die Teilnehmenden, gecoacht von den Dozenten Lisa Kuppler und Carlo Feber. Sie vermitteln das n\u00f6tige Knowhow \u00fcber das literarische Schreiben und f\u00fchren in die verschiedenen belletristischen Genres ein.<\/p>\n\n\n\n<div class=\"wp-block-group alignwide\"><div class=\"wp-block-group__inner-container is-layout-constrained wp-block-group-is-layout-constrained\">\n<figure class=\"wp-block-gallery has-nested-images columns-default is-cropped wp-block-gallery-1 is-layout-flex wp-block-gallery-is-layout-flex\">\n<figure class=\"wp-block-image size-large\"><img loading=\"lazy\" decoding=\"async\" width=\"1024\" height=\"768\" data-id=\"349\" src=\"https:\/\/www.krimilektorat.de\/creative\/wp-content\/uploads\/2022\/01\/Schreibaka-Nordkolleg-1024x768.jpg\" alt=\"\" class=\"wp-image-349\" srcset=\"https:\/\/www.krimilektorat.de\/creative\/wp-content\/uploads\/2022\/01\/Schreibaka-Nordkolleg-1024x768.jpg 1024w, https:\/\/www.krimilektorat.de\/creative\/wp-content\/uploads\/2022\/01\/Schreibaka-Nordkolleg-300x225.jpg 300w, https:\/\/www.krimilektorat.de\/creative\/wp-content\/uploads\/2022\/01\/Schreibaka-Nordkolleg-768x576.jpg 768w, https:\/\/www.krimilektorat.de\/creative\/wp-content\/uploads\/2022\/01\/Schreibaka-Nordkolleg-1536x1152.jpg 1536w, https:\/\/www.krimilektorat.de\/creative\/wp-content\/uploads\/2022\/01\/Schreibaka-Nordkolleg-2048x1536.jpg 2048w\" sizes=\"auto, (max-width: 767px) 89vw, (max-width: 1000px) 54vw, (max-width: 1071px) 543px, 580px\" \/><\/figure>\n<\/figure>\n<\/div><\/div>\n\n\n\n<h2 class=\"wp-block-heading\">Handwerkszeug und Kreativit\u00e4t<\/h2>\n\n\n\n<p id=\"block-e6bab069-d0f2-4182-b9fa-b59a04d9d526\">Das klassische <strong>Handwerkszeug<\/strong> des kreativen Schreibens (Perspektive, Plotten &amp; Dramaturgie, Figurenentwicklung, Dialoge, Action und Emotionen schreiben u.v.a.m.) wird in Schreib\u00fcbungen erprobt und ge\u00fcbt.<\/p>\n\n\n\n<h2 class=\"wp-block-heading\">Expos\u00e9 und Agenturbewerbung<\/h2>\n\n\n\n<p>Ein Seminar \u00fcber die Entwicklung von marktgerechten Expos\u00e9s erg\u00e4nzt die Seminare zum literarischen Schreiben. Am Ende der Ausbildung haben alle Teilnehmenden ein professionelles <strong>Expos\u00e9 <\/strong>und einen umfangreichen, ausgereiften und f\u00fcr die Agentur- oder Verlagsbewerbung als Leseprobe geeigneten Text geschrieben.<\/p>\n\n\n\n<h2 class=\"wp-block-heading\">Monatliche Schreibaufgaben<\/h2>\n\n\n\n<p>Zwischen den Pr\u00e4senzphasen schreiben die Teilnehmenden an ihren eigenen Texten und an kurzen, monatlichen Schreibaufgaben. \u00dcber Chats, ein Online-Forum, mit E-Mail und Telefonaten begleiten Carlo Feber und ich die Teilnehmenden individuell und konstant im Schreibprozess.<\/p>\n\n\n<div class=\"wp-block-image is-style-default\">\n<figure class=\"alignleft size-large is-resized\"><img loading=\"lazy\" decoding=\"async\" width=\"1024\" height=\"768\" src=\"https:\/\/www.krimilektorat.de\/creative\/wp-content\/uploads\/2024\/01\/Schreibaka-Filmen-1024x768.jpg\" alt=\"Teilnehmerde der Schreibakademie am Nordkolleg Rendsburg.\" class=\"wp-image-580\" style=\"width:604px;height:auto\" srcset=\"https:\/\/www.krimilektorat.de\/creative\/wp-content\/uploads\/2024\/01\/Schreibaka-Filmen-1024x768.jpg 1024w, https:\/\/www.krimilektorat.de\/creative\/wp-content\/uploads\/2024\/01\/Schreibaka-Filmen-300x225.jpg 300w, https:\/\/www.krimilektorat.de\/creative\/wp-content\/uploads\/2024\/01\/Schreibaka-Filmen-768x576.jpg 768w, https:\/\/www.krimilektorat.de\/creative\/wp-content\/uploads\/2024\/01\/Schreibaka-Filmen-1536x1152.jpg 1536w, https:\/\/www.krimilektorat.de\/creative\/wp-content\/uploads\/2024\/01\/Schreibaka-Filmen.jpg 2000w\" sizes=\"auto, (max-width: 767px) 89vw, (max-width: 1000px) 54vw, (max-width: 1071px) 543px, 580px\" \/><\/figure>\n<\/div>\n\n\n<h2 class=\"wp-block-heading\">Das Nordstern-Stipendium<\/h2>\n\n\n\n<div class=\"wp-block-media-text has-media-on-the-right is-stacked-on-mobile\"><div class=\"wp-block-media-text__content\">\n<p>Einen <strong>Stipendienplatz<\/strong> in der Schreibakademie vergeben wir an eine Stipendiatin oder einen Stipendiaten. Das <a href=\"https:\/\/www.nordkolleg.de\/index.php?id=571\">Nordstern-Stipendium<\/a> wurde gestiftet f\u00fcr eine Autorin oder einen Autor, die sich die Teilnahme sonst finanziell nicht leisten k\u00f6nnte. Es deckt s\u00e4mtliche Kosten ab \u2013 Akademiegeb\u00fchr, Unterkunft, Verpflegung, Reisekostenzuschuss. Die Bewerbungskriterien sind dieselben wie f\u00fcr die Schreibakademie. Der <strong>Bewerbungsschluss<\/strong> wird bekannt gegeben<\/p>\n<\/div><figure class=\"wp-block-media-text__media\"><img loading=\"lazy\" decoding=\"async\" width=\"447\" height=\"493\" src=\"https:\/\/www.krimilektorat.de\/creative\/wp-content\/uploads\/2023\/12\/Nordstern-Logo.png\" alt=\"\" class=\"wp-image-549 size-full\" srcset=\"https:\/\/www.krimilektorat.de\/creative\/wp-content\/uploads\/2023\/12\/Nordstern-Logo.png 447w, https:\/\/www.krimilektorat.de\/creative\/wp-content\/uploads\/2023\/12\/Nordstern-Logo-272x300.png 272w\" sizes=\"auto, (max-width: 447px) 100vw, 447px\" \/><\/figure><\/div>\n\n\n\n<p class=\"has-background\" style=\"background-color:#d5edf7\"><strong><a href=\"https:\/\/www.nordkolleg.de\/fachbereiche\/literatur-medien\/schreibakademie-am-nordkolleg\/\" target=\"_blank\" rel=\"noreferrer noopener\">Programm beim Nordkolleg <\/a><\/strong><br>Die n\u00e4chste Schreibakademie startet im September 2026. Alle Informationen zur 4. Schreibakademie und zum Nordstern-Stipendium sind auf der <a href=\"http:\/\/www.schreibakademie-am-nordkolleg.de\">Webseite des Nordkolleg Rendsburgs<\/a> zu finden. Bewerbungen f\u00fcr die Schreibakademie und f\u00fcr das Stipendium k\u00f6nnen derzeit eingereicht werden. Die Bewerbungsfrist endet am <strong>1. Juni 2026<\/strong><\/p>\n\n\n\n<p><\/p>\n\n\n\n<p><\/p>\n<div style=\"margin-top: 0px; margin-bottom: 0px;\" class=\"sharethis-inline-follow-buttons\" ><\/div>","protected":false},"excerpt":{"rendered":"<p>Ein intensives Jahr f\u00fcr Ihre Professionalisierung zu Autor*in Die 4. Schreibakademie findet vom September 2026 bis Juni 2027 statt. Bewerbungen k\u00f6nnen schon eingereicht werden. Dauer: September 2026 bis Juni 2027Ort: Nordkolleg Rendsburg \u2013 Schleswig-Holstein und onlineDozent*innen: Carlo Feber und Lisa KupplerBewerbungsfrist: bis zum 6. April 2026 verl\u00e4ngert bis 1. Juni 2025 Auch f\u00fcr die 4. &hellip; <\/p>\n<p class=\"link-more\"><a href=\"https:\/\/www.krimilektorat.de\/creative\/schreibakademie\/\" class=\"more-link\"><span class=\"screen-reader-text\">\u201eSchreibakademie am Nordkolleg und Nordstern-Stipendium\u201c <\/span>weiterlesen<\/a><\/p>\n","protected":false},"author":1,"featured_media":0,"parent":0,"menu_order":0,"comment_status":"closed","ping_status":"closed","template":"","meta":{"footnotes":""},"class_list":["post-345","page","type-page","status-publish","hentry"],"_links":{"self":[{"href":"https:\/\/www.krimilektorat.de\/creative\/wp-json\/wp\/v2\/pages\/345","targetHints":{"allow":["GET"]}}],"collection":[{"href":"https:\/\/www.krimilektorat.de\/creative\/wp-json\/wp\/v2\/pages"}],"about":[{"href":"https:\/\/www.krimilektorat.de\/creative\/wp-json\/wp\/v2\/types\/page"}],"author":[{"embeddable":true,"href":"https:\/\/www.krimilektorat.de\/creative\/wp-json\/wp\/v2\/users\/1"}],"replies":[{"embeddable":true,"href":"https:\/\/www.krimilektorat.de\/creative\/wp-json\/wp\/v2\/comments?post=345"}],"version-history":[{"count":29,"href":"https:\/\/www.krimilektorat.de\/creative\/wp-json\/wp\/v2\/pages\/345\/revisions"}],"predecessor-version":[{"id":664,"href":"https:\/\/www.krimilektorat.de\/creative\/wp-json\/wp\/v2\/pages\/345\/revisions\/664"}],"wp:attachment":[{"href":"https:\/\/www.krimilektorat.de\/creative\/wp-json\/wp\/v2\/media?parent=345"}],"curies":[{"name":"wp","href":"https:\/\/api.w.org\/{rel}","templated":true}]}}