{"id":376,"date":"2022-02-14T15:19:09","date_gmt":"2022-02-14T14:19:09","guid":{"rendered":"https:\/\/www.krimilektorat.de\/creative\/?page_id=376"},"modified":"2023-02-24T16:14:29","modified_gmt":"2023-02-24T15:14:29","slug":"das-rote-tuch","status":"publish","type":"page","link":"https:\/\/www.krimilektorat.de\/creative\/schreibprojekte\/das-rote-tuch\/","title":{"rendered":"Das Rote Tuch (2021)"},"content":{"rendered":"\n<h2 class=\"wp-block-heading\" id=\"das-rote-tuch-eine-phantastische-reise-durch-die-zeit\"><strong>Das rote Tuch \u2013 eine phantastische Reise durch die Zeit<\/strong><\/h2>\n\n\n\n<p><strong>Eine Science Fiction &amp; Fantasy-Kurzgeschichten-Anthologie<\/strong><br>herausgegeben von KommPlot &amp; Friends<\/p>\n\n\n\n<div class=\"wp-block-columns is-layout-flex wp-container-core-columns-is-layout-9d6595d7 wp-block-columns-is-layout-flex\">\n<div class=\"wp-block-column is-layout-flow wp-block-column-is-layout-flow\" style=\"flex-basis:50%\">\n<figure class=\"wp-block-image size-large is-resized\"><img loading=\"lazy\" decoding=\"async\" src=\"https:\/\/www.krimilektorat.de\/creative\/wp-content\/uploads\/2023\/02\/Button-Kurzprosa-Finalist-2-1024x1024.png\" alt=\"SelfPublishing Preis 2022\" class=\"wp-image-501\" width=\"114\" height=\"114\" srcset=\"https:\/\/www.krimilektorat.de\/creative\/wp-content\/uploads\/2023\/02\/Button-Kurzprosa-Finalist-2-1024x1024.png 1024w, https:\/\/www.krimilektorat.de\/creative\/wp-content\/uploads\/2023\/02\/Button-Kurzprosa-Finalist-2-300x300.png 300w, https:\/\/www.krimilektorat.de\/creative\/wp-content\/uploads\/2023\/02\/Button-Kurzprosa-Finalist-2-150x150.png 150w, https:\/\/www.krimilektorat.de\/creative\/wp-content\/uploads\/2023\/02\/Button-Kurzprosa-Finalist-2-768x768.png 768w, https:\/\/www.krimilektorat.de\/creative\/wp-content\/uploads\/2023\/02\/Button-Kurzprosa-Finalist-2-1536x1536.png 1536w, https:\/\/www.krimilektorat.de\/creative\/wp-content\/uploads\/2023\/02\/Button-Kurzprosa-Finalist-2-100x100.png 100w, https:\/\/www.krimilektorat.de\/creative\/wp-content\/uploads\/2023\/02\/Button-Kurzprosa-Finalist-2.png 2000w\" sizes=\"auto, (max-width: 114px) 100vw, 114px\" \/><\/figure>\n\n\n\n<p>Das rote Tuch ist Mordwerkzeug und Talisman, reizt den Stier und stimmt den Teufel milde: In zehn Epen im Miniformat erz\u00e4hlen neun Autorinnen und Autoren jeweils eine Geschichte um dieses geheim-nisvolle St\u00fcck Stoff und reichen sich den Staffelstab durch Zeit und Raum weiter. Die Reise f\u00fchrt vom minoischen Kreta zu den Goldsuchern in Brasilien, auf den mittelalterlichen Scheiterhaufen, macht einen Abstecher in ein 19. Jahrhundert, das es so nie gab, begleitet Drohnenpiloten bei einem brutalen Spiel und endet im Welt-raum mit der Frage: \u00bbIst morgen auch noch ein Tag?\u00ab<\/p>\n<\/div>\n\n\n\n<div class=\"wp-block-column is-layout-flow wp-block-column-is-layout-flow\" style=\"flex-basis:50%\">\n<figure class=\"wp-block-image size-large is-resized is-style-default\"><img loading=\"lazy\" decoding=\"async\" src=\"https:\/\/www.krimilektorat.de\/creative\/wp-content\/uploads\/2022\/02\/Cover_V1-647x1024.jpg\" alt=\"\" class=\"wp-image-378\" width=\"268\" height=\"424\" srcset=\"https:\/\/www.krimilektorat.de\/creative\/wp-content\/uploads\/2022\/02\/Cover_V1-647x1024.jpg 647w, https:\/\/www.krimilektorat.de\/creative\/wp-content\/uploads\/2022\/02\/Cover_V1-190x300.jpg 190w, https:\/\/www.krimilektorat.de\/creative\/wp-content\/uploads\/2022\/02\/Cover_V1-768x1215.jpg 768w, https:\/\/www.krimilektorat.de\/creative\/wp-content\/uploads\/2022\/02\/Cover_V1-971x1536.jpg 971w, https:\/\/www.krimilektorat.de\/creative\/wp-content\/uploads\/2022\/02\/Cover_V1-1294x2048.jpg 1294w, https:\/\/www.krimilektorat.de\/creative\/wp-content\/uploads\/2022\/02\/Cover_V1.jpg 1418w\" sizes=\"auto, (max-width: 268px) 100vw, 268px\" \/><figcaption class=\"wp-element-caption\">Cover von <a href=\"https:\/\/www.lauranewman.de\/\" target=\"_blank\" rel=\"noreferrer noopener\">Laura Newman<\/a><\/figcaption><\/figure>\n<\/div>\n<\/div>\n\n\n\n<div class=\"wp-block-group\"><div class=\"wp-block-group__inner-container is-layout-constrained wp-block-group-is-layout-constrained\">\n<div class=\"wp-block-columns is-layout-flex wp-container-core-columns-is-layout-9d6595d7 wp-block-columns-is-layout-flex\">\n<div class=\"wp-block-column is-layout-flow wp-block-column-is-layout-flow\" style=\"flex-basis:100%\">\n<p>Die Autorinnen-Gruppe <a rel=\"noreferrer noopener\" href=\"http:\/\/www.kommplot.com\" target=\"_blank\">KommPlot<\/a> sind <strong>Esther Brendel<\/strong>, <strong>Charlotte Fondraz<\/strong>, <strong>Esther Gei\u00dflinger<\/strong>, <strong>Kristin Weber<\/strong> und <strong>Claudia Zentgraf<\/strong>. \u00a0Die Friends sind <strong>Lisa Fe\u00dfler<\/strong>, <strong>D. O. Hasselmann<\/strong>, <strong>Heike Knauber<\/strong> und <strong>Kim Skott<\/strong>.<\/p>\n<\/div>\n\n\n\n<div class=\"wp-block-column is-layout-flow wp-block-column-is-layout-flow\" style=\"flex-basis:100%\"><div class=\"wp-block-image\">\n<figure class=\"alignleft size-full is-resized\"><img loading=\"lazy\" decoding=\"async\" src=\"https:\/\/www.krimilektorat.de\/creative\/wp-content\/uploads\/2023\/02\/Skoutz-Award-Badge-2022-Shortlist.jpg\" alt=\"Skoutz Award 2022\n\" class=\"wp-image-502\" width=\"129\" height=\"129\" srcset=\"https:\/\/www.krimilektorat.de\/creative\/wp-content\/uploads\/2023\/02\/Skoutz-Award-Badge-2022-Shortlist.jpg 591w, https:\/\/www.krimilektorat.de\/creative\/wp-content\/uploads\/2023\/02\/Skoutz-Award-Badge-2022-Shortlist-300x300.jpg 300w, https:\/\/www.krimilektorat.de\/creative\/wp-content\/uploads\/2023\/02\/Skoutz-Award-Badge-2022-Shortlist-150x150.jpg 150w, https:\/\/www.krimilektorat.de\/creative\/wp-content\/uploads\/2023\/02\/Skoutz-Award-Badge-2022-Shortlist-100x100.jpg 100w\" sizes=\"auto, (max-width: 129px) 100vw, 129px\" \/><\/figure>\n<\/div><\/div>\n<\/div>\n<\/div><\/div>\n\n\n\n<div class=\"wp-block-media-text alignwide is-stacked-on-mobile\" style=\"grid-template-columns:20% auto\"><figure class=\"wp-block-media-text__media\"><img loading=\"lazy\" decoding=\"async\" width=\"1024\" height=\"449\" src=\"https:\/\/www.krimilektorat.de\/creative\/wp-content\/uploads\/2021\/06\/hand-female-right-edited-1024x449.jpg\" alt=\"\" class=\"wp-image-204 size-full\" srcset=\"https:\/\/www.krimilektorat.de\/creative\/wp-content\/uploads\/2021\/06\/hand-female-right-edited-1024x449.jpg 1024w, https:\/\/www.krimilektorat.de\/creative\/wp-content\/uploads\/2021\/06\/hand-female-right-edited-300x132.jpg 300w, https:\/\/www.krimilektorat.de\/creative\/wp-content\/uploads\/2021\/06\/hand-female-right-edited-768x337.jpg 768w, https:\/\/www.krimilektorat.de\/creative\/wp-content\/uploads\/2021\/06\/hand-female-right-edited.jpg 1493w\" sizes=\"auto, (max-width: 767px) 89vw, (max-width: 1000px) 54vw, (max-width: 1071px) 543px, 580px\" \/><\/figure><div class=\"wp-block-media-text__content\">\n<p><a rel=\"noreferrer noopener\" href=\"https:\/\/www.bod.de\/booksample?json=https%3A%2F%2Fwww.bod.de%2Fgetjson.php%3Fobjk_id%3D3616998%26hash%3D46f384108afb3d184849390c5f9543f8\" target=\"_blank\">Leseprobe<\/a> (BoD)<\/p>\n<\/div><\/div>\n\n\n\n<p class=\"has-background\" style=\"background-color:#f8caca\">Kaufen kann man die Anthologie f\u00fcr 9.99\u20ac (Buch) hier: <a rel=\"noreferrer noopener\" href=\"https:\/\/www.bod.de\/buchshop\/das-rote-tuch-esther-brendel-9783755715610?utm_source=saleswidget&amp;utm_medium=referral&amp;utm_campaign=saleswidget_large\" target=\"_blank\">BoD<\/a><br>Oder als E-Book f\u00fcr 4,49\u20ac hier: <a rel=\"noreferrer noopener\" href=\"https:\/\/www.genialokal.de\/Produkt\/Kristin-Weber-Esther-Brendel-Esther-Geisslinger-Charlotte-Fondraz-Claudia-Zentgraf\/Das-rote-Tuch_lid_46156941.html\" target=\"_blank\">genialokal<\/a><br>Bestellen kann man sie \u00fcberall im Buchhandel. Oder bei amazon\/thalia\/hugendubel. Oder man kann mir eine Mail mit der Bestellung schicken.<\/p>\n\n\n\n<h3 class=\"wp-block-heading\" id=\"luxemburg-der-blitz\"><strong><mark style=\"background-color:rgba(0, 0, 0, 0);color:#f10808\" class=\"has-inline-color\">Luxemburg: Der Blitz<\/mark><\/strong><\/h3>\n\n\n\n<p>&#8230; hei\u00dft meine Kurzgeschichte in der Anthologie. Es ist eine Steampunk-Geschichte, die in der Wilhelminischen \u00c4ra in Berlin 1893 spielt. <\/p>\n\n\n\n<figure class=\"wp-block-image size-full is-style-default\"><img loading=\"lazy\" decoding=\"async\" width=\"773\" height=\"600\" src=\"https:\/\/www.krimilektorat.de\/creative\/wp-content\/uploads\/2022\/02\/Schnipsel-Lisa.jpg\" alt=\"\" class=\"wp-image-379\" srcset=\"https:\/\/www.krimilektorat.de\/creative\/wp-content\/uploads\/2022\/02\/Schnipsel-Lisa.jpg 773w, https:\/\/www.krimilektorat.de\/creative\/wp-content\/uploads\/2022\/02\/Schnipsel-Lisa-300x233.jpg 300w, https:\/\/www.krimilektorat.de\/creative\/wp-content\/uploads\/2022\/02\/Schnipsel-Lisa-768x596.jpg 768w\" sizes=\"auto, (max-width: 767px) 89vw, (max-width: 1000px) 54vw, (max-width: 1071px) 543px, 580px\" \/><\/figure>\n\n\n\n<p><\/p>\n\n\n\n<p><\/p>\n<div style=\"margin-top: 0px; margin-bottom: 0px;\" class=\"sharethis-inline-follow-buttons\" ><\/div>","protected":false},"excerpt":{"rendered":"<p>Das rote Tuch \u2013 eine phantastische Reise durch die Zeit Eine Science Fiction &amp; Fantasy-Kurzgeschichten-Anthologieherausgegeben von KommPlot &amp; Friends Das rote Tuch ist Mordwerkzeug und Talisman, reizt den Stier und stimmt den Teufel milde: In zehn Epen im Miniformat erz\u00e4hlen neun Autorinnen und Autoren jeweils eine Geschichte um dieses geheim-nisvolle St\u00fcck Stoff und reichen sich &hellip; <\/p>\n<p class=\"link-more\"><a href=\"https:\/\/www.krimilektorat.de\/creative\/schreibprojekte\/das-rote-tuch\/\" class=\"more-link\"><span class=\"screen-reader-text\">\u201eDas Rote Tuch (2021)\u201c <\/span>weiterlesen<\/a><\/p>\n","protected":false},"author":1,"featured_media":0,"parent":188,"menu_order":1,"comment_status":"closed","ping_status":"closed","template":"","meta":{"footnotes":""},"class_list":["post-376","page","type-page","status-publish","hentry"],"_links":{"self":[{"href":"https:\/\/www.krimilektorat.de\/creative\/wp-json\/wp\/v2\/pages\/376","targetHints":{"allow":["GET"]}}],"collection":[{"href":"https:\/\/www.krimilektorat.de\/creative\/wp-json\/wp\/v2\/pages"}],"about":[{"href":"https:\/\/www.krimilektorat.de\/creative\/wp-json\/wp\/v2\/types\/page"}],"author":[{"embeddable":true,"href":"https:\/\/www.krimilektorat.de\/creative\/wp-json\/wp\/v2\/users\/1"}],"replies":[{"embeddable":true,"href":"https:\/\/www.krimilektorat.de\/creative\/wp-json\/wp\/v2\/comments?post=376"}],"version-history":[{"count":10,"href":"https:\/\/www.krimilektorat.de\/creative\/wp-json\/wp\/v2\/pages\/376\/revisions"}],"predecessor-version":[{"id":503,"href":"https:\/\/www.krimilektorat.de\/creative\/wp-json\/wp\/v2\/pages\/376\/revisions\/503"}],"up":[{"embeddable":true,"href":"https:\/\/www.krimilektorat.de\/creative\/wp-json\/wp\/v2\/pages\/188"}],"wp:attachment":[{"href":"https:\/\/www.krimilektorat.de\/creative\/wp-json\/wp\/v2\/media?parent=376"}],"curies":[{"name":"wp","href":"https:\/\/api.w.org\/{rel}","templated":true}]}}