{"id":475,"date":"2023-02-24T14:58:22","date_gmt":"2023-02-24T13:58:22","guid":{"rendered":"https:\/\/www.krimilektorat.de\/creative\/?page_id=475"},"modified":"2023-06-12T20:18:20","modified_gmt":"2023-06-12T18:18:20","slug":"sherlock-anthology-the-only-one-in-the-world-2021","status":"publish","type":"page","link":"https:\/\/www.krimilektorat.de\/creative\/schreibprojekte\/sherlock-anthology-the-only-one-in-the-world-2021\/","title":{"rendered":"Sherlock Anthology: The Only One in the World (2021)"},"content":{"rendered":"\n<h2 class=\"wp-block-heading\">It is always 1893 in the golden world of Sherlock Holms and Dr Hans Watson &#8230;<\/h2>\n\n\n\n<p>Eine Kurzgeschichte von mir ist in der englischsprachige Anthologie <a rel=\"noreferrer noopener\" href=\"https:\/\/www.clandestinepress.net\/products\/the-only-one-in-the-world?variant=39489102446787\" target=\"_blank\">The Only One in the World<\/a> \u2013 A Sherlock Holmes Anthology (2021), erschienen. Es war eine gro\u00dfe Freude, einmal eine offizielle Sherlock Holmes-Fanfiction zu ver\u00f6ffentlichen.<\/p>\n\n\n\n<figure class=\"wp-block-image size-large\"><img loading=\"lazy\" decoding=\"async\" width=\"1024\" height=\"732\" src=\"https:\/\/www.krimilektorat.de\/creative\/wp-content\/uploads\/2021\/06\/The-Only-One-in-the-World-full-cover-1024x732.jpg\" alt=\"\" class=\"wp-image-143\" srcset=\"https:\/\/www.krimilektorat.de\/creative\/wp-content\/uploads\/2021\/06\/The-Only-One-in-the-World-full-cover-1024x732.jpg 1024w, https:\/\/www.krimilektorat.de\/creative\/wp-content\/uploads\/2021\/06\/The-Only-One-in-the-World-full-cover-300x214.jpg 300w, https:\/\/www.krimilektorat.de\/creative\/wp-content\/uploads\/2021\/06\/The-Only-One-in-the-World-full-cover-768x549.jpg 768w, https:\/\/www.krimilektorat.de\/creative\/wp-content\/uploads\/2021\/06\/The-Only-One-in-the-World-full-cover-1536x1098.jpg 1536w, https:\/\/www.krimilektorat.de\/creative\/wp-content\/uploads\/2021\/06\/The-Only-One-in-the-World-full-cover-2048x1464.jpg 2048w\" sizes=\"auto, (max-width: 767px) 89vw, (max-width: 1000px) 54vw, (max-width: 1071px) 543px, 580px\" \/><figcaption class=\"wp-element-caption\">Das Rundum-Cover der Anthologie, f\u00fcr jede Geschichte eine T\u00fcr oder ein Fenster. Oder ein Fahrrad.<\/figcaption><\/figure>\n\n\n\n<h2 class=\"wp-block-heading\" id=\"SherlockHolmes\">The Problem of the Lying Author<\/h2>\n\n\n\n<p>Meine Geschichte hat den Titel \u201eThe Problem of the Lying Author\u201c. Sie spielt 1893 in Berlin, ich habe f\u00fcr die Anthologie Sherlock Holms und Hans Watson als Deutsche geschrieben.<\/p>\n\n\n\n<p>Atlin Merrik vom Verlag Clandestine Press hat mir ein paar Fragen gestellt, das kurze Interview kann man im Original hier lesen: <a rel=\"noreferrer noopener\" href=\"https:\/\/www.clandestinepress.net\/blogs\/clan_destine_press_blog\/the-only-one-in-the-world-lisa-fessler-interview\" target=\"_blank\">Lisa Fessler Interview<\/a>. Oder auf Deutsch hier: <a href=\"https:\/\/www.krimilektorat.de\/creative\/drei-fragen-an-lisa-fessler\/\" target=\"_blank\" rel=\"noreferrer noopener\">Drei Fragen an Lisa Fe\u00dfler<\/a>.<\/p>\n\n\n\n<p>\u00dcbrigens: Lisa Fe\u00dfler (f\u00fcr die \u00df-lose englischsprachige Welt: Fessler) ist mein (offenes) Pseudonym.<\/p>\n\n\n\n<p>Narrelle Harris, die wunderbare Herausgeberin der Anthologie, hat etwas \u00fcber unsere Zusammenarbeit geschrieben: <a rel=\"noreferrer noopener\" href=\"https:\/\/narrellemharris.com\/short-stories\/narrelle-m-harris-on-lisa-fessler\/\" target=\"_blank\">Narrelle M. Harris on Lisa Fessler<\/a>.<\/p>\n\n\n\n<h2 class=\"wp-block-heading\">221b Baker Street oder Sophienstra\u00dfe 21b<\/h2>\n\n\n\n<p>In meiner Geschichte leben Holms und Watson in der Sophienstra\u00dfe 21b. Das hier ist der Eingang zur Sophienstra\u00dfe 21. Der Eingang 21b ist (literarisch) versteckt, direkt daneben.<\/p>\n\n\n<div class=\"wp-block-image\">\n<figure class=\"aligncenter size-large\"><img loading=\"lazy\" decoding=\"async\" width=\"532\" height=\"800\" src=\"https:\/\/www.krimilektorat.de\/creative\/wp-content\/uploads\/2021\/06\/Berlin-Sophien-21.png\" alt=\"\" class=\"wp-image-144\" srcset=\"https:\/\/www.krimilektorat.de\/creative\/wp-content\/uploads\/2021\/06\/Berlin-Sophien-21.png 532w, https:\/\/www.krimilektorat.de\/creative\/wp-content\/uploads\/2021\/06\/Berlin-Sophien-21-200x300.png 200w\" sizes=\"auto, (max-width: 532px) 100vw, 532px\" \/><figcaption class=\"wp-element-caption\">Der Eingang zur Sophienstra\u00dfe 21 in Berlin-Mitte.<\/figcaption><\/figure>\n<\/div>\n\n\n<div class=\"wp-block-group\"><div class=\"wp-block-group__inner-container is-layout-flow wp-block-group-is-layout-flow\">\n<div class=\"wp-block-columns is-layout-flex wp-container-core-columns-is-layout-9d6595d7 wp-block-columns-is-layout-flex\">\n<div class=\"wp-block-column is-layout-flow wp-block-column-is-layout-flow\">\n<p><\/p>\n\n\n\n<p><\/p>\n\n\n\n<h2 class=\"wp-block-heading\">Was, wenn Sherlock keinen Deerstalker tr\u00e4gt?<\/h2>\n\n\n\n<p>Mein deutscher Sherlock Holms tr\u00e4gt einen Tirolerhut, einen \u201eTyrolean Hat\u201c im Englischen.<\/p>\n<\/div>\n\n\n\n<div class=\"wp-block-column is-layout-flow wp-block-column-is-layout-flow\"><div class=\"wp-block-image is-style-rounded\">\n<figure class=\"aligncenter size-large\"><img loading=\"lazy\" decoding=\"async\" width=\"400\" height=\"285\" src=\"https:\/\/www.krimilektorat.de\/creative\/wp-content\/uploads\/2021\/06\/tirolerhut-sm.jpg\" alt=\"\" class=\"wp-image-147\" srcset=\"https:\/\/www.krimilektorat.de\/creative\/wp-content\/uploads\/2021\/06\/tirolerhut-sm.jpg 400w, https:\/\/www.krimilektorat.de\/creative\/wp-content\/uploads\/2021\/06\/tirolerhut-sm-300x214.jpg 300w\" sizes=\"auto, (max-width: 400px) 100vw, 400px\" \/><figcaption class=\"wp-element-caption\">               So in etwa sieht Holms&#8216; Tirolerhut aus.<\/figcaption><\/figure>\n<\/div><\/div>\n<\/div>\n<\/div><\/div>\n\n\n\n<h2 class=\"wp-block-heading\">Und der Autor, der l\u00fcgt &#8230;<\/h2>\n\n\n\n<p>Hier ist das Cover des Buches, um das es \u2013 unter anderem &#8211; in der Geschichte geht.<\/p>\n\n\n\n<div class=\"wp-block-columns is-layout-flex wp-container-core-columns-is-layout-9d6595d7 wp-block-columns-is-layout-flex\">\n<div class=\"wp-block-column is-layout-flow wp-block-column-is-layout-flow\">\n<figure class=\"wp-block-image size-large\"><img loading=\"lazy\" decoding=\"async\" width=\"535\" height=\"900\" src=\"https:\/\/www.krimilektorat.de\/creative\/wp-content\/uploads\/2021\/06\/Winnetou-1-cover.jpg\" alt=\"\" class=\"wp-image-149\" srcset=\"https:\/\/www.krimilektorat.de\/creative\/wp-content\/uploads\/2021\/06\/Winnetou-1-cover.jpg 535w, https:\/\/www.krimilektorat.de\/creative\/wp-content\/uploads\/2021\/06\/Winnetou-1-cover-178x300.jpg 178w\" sizes=\"auto, (max-width: 535px) 100vw, 535px\" \/><\/figure>\n<\/div>\n\n\n\n<div class=\"wp-block-column is-layout-flow wp-block-column-is-layout-flow\">\n<p><\/p>\n\n\n\n<blockquote class=\"wp-block-quote is-style-default is-layout-flow wp-block-quote-is-layout-flow\">\n<p>It was a study in muscle and flesh. Both figures were nudes. The fallen one lay with his backside to the viewer; the one standing over him had the full length of his body on display. The figures\u2019 muscled arms ran like an axis through the image; paralleled by their interlocking gaze. I described the scene as a moment of decision but it was also a moment of sensual supplication. The graceful curve of the fallen one\u2019s cheek, his feminine lips, even the odd placement of the vulnerable soft underside of his foot \u2013 they all added to the sense that these two men were not so much bound together by battle but by a higher, brighter sentiment.<\/p>\n<cite>aus: \u201eThe Problem of the Lying Author\u201c<\/cite><\/blockquote>\n<\/div>\n<\/div>\n\n\n\n<p class=\"has-background has-normal-font-size\" style=\"background-color:#f6f7cf\">Bestellen kann man das E-Book oder auch das Paperback bzw. die luxuri\u00f6se gebundene Augsabe direkt bei <a rel=\"noreferrer noopener\" href=\"https:\/\/www.clandestinepress.net\/products\/the-only-one-in-the-world?variant=39489102414019\" target=\"_blank\">Clandestine Press<\/a> (auch bei Amazon und <a rel=\"noreferrer noopener\" href=\"https:\/\/www.buch7.de\/produkt\/the-only-one-in-the-world-narrelle-m-harris\/1041612089?ean=9780648848783\" target=\"_blank\">buch7<\/a>.)<\/p>\n<div style=\"margin-top: 0px; margin-bottom: 0px;\" class=\"sharethis-inline-follow-buttons\" ><\/div>","protected":false},"excerpt":{"rendered":"<p>It is always 1893 in the golden world of Sherlock Holms and Dr Hans Watson &#8230; Eine Kurzgeschichte von mir ist in der englischsprachige Anthologie The Only One in the World \u2013 A Sherlock Holmes Anthology (2021), erschienen. Es war eine gro\u00dfe Freude, einmal eine offizielle Sherlock Holmes-Fanfiction zu ver\u00f6ffentlichen. The Problem of the Lying &hellip; <\/p>\n<p class=\"link-more\"><a href=\"https:\/\/www.krimilektorat.de\/creative\/schreibprojekte\/sherlock-anthology-the-only-one-in-the-world-2021\/\" class=\"more-link\"><span class=\"screen-reader-text\">\u201eSherlock Anthology: The Only One in the World (2021)\u201c <\/span>weiterlesen<\/a><\/p>\n","protected":false},"author":1,"featured_media":0,"parent":188,"menu_order":0,"comment_status":"closed","ping_status":"closed","template":"","meta":{"footnotes":""},"class_list":["post-475","page","type-page","status-publish","hentry"],"_links":{"self":[{"href":"https:\/\/www.krimilektorat.de\/creative\/wp-json\/wp\/v2\/pages\/475","targetHints":{"allow":["GET"]}}],"collection":[{"href":"https:\/\/www.krimilektorat.de\/creative\/wp-json\/wp\/v2\/pages"}],"about":[{"href":"https:\/\/www.krimilektorat.de\/creative\/wp-json\/wp\/v2\/types\/page"}],"author":[{"embeddable":true,"href":"https:\/\/www.krimilektorat.de\/creative\/wp-json\/wp\/v2\/users\/1"}],"replies":[{"embeddable":true,"href":"https:\/\/www.krimilektorat.de\/creative\/wp-json\/wp\/v2\/comments?post=475"}],"version-history":[{"count":3,"href":"https:\/\/www.krimilektorat.de\/creative\/wp-json\/wp\/v2\/pages\/475\/revisions"}],"predecessor-version":[{"id":513,"href":"https:\/\/www.krimilektorat.de\/creative\/wp-json\/wp\/v2\/pages\/475\/revisions\/513"}],"up":[{"embeddable":true,"href":"https:\/\/www.krimilektorat.de\/creative\/wp-json\/wp\/v2\/pages\/188"}],"wp:attachment":[{"href":"https:\/\/www.krimilektorat.de\/creative\/wp-json\/wp\/v2\/media?parent=475"}],"curies":[{"name":"wp","href":"https:\/\/api.w.org\/{rel}","templated":true}]}}