{"id":49,"date":"2020-08-26T00:05:08","date_gmt":"2020-08-25T22:05:08","guid":{"rendered":"http:\/\/www.krimilektorat.de\/creative\/?page_id=49"},"modified":"2025-11-09T20:53:23","modified_gmt":"2025-11-09T19:53:23","slug":"winterliche-schreibtage","status":"publish","type":"page","link":"https:\/\/www.krimilektorat.de\/creative\/winterliche-schreibtage\/","title":{"rendered":"Winterliche Schreibtage"},"content":{"rendered":"\n<h2 class=\"wp-block-heading\">Drei Tage nur Schreiben im hohen Norden<\/h2>\n\n\n\n<div class=\"wp-block-columns is-layout-flex wp-container-core-columns-is-layout-9d6595d7 wp-block-columns-is-layout-flex\">\n<div class=\"wp-block-column is-layout-flow wp-block-column-is-layout-flow\" style=\"flex-basis:33.33%\">\n<p class=\"has-pale-cyan-blue-background-color has-background\"><strong>Noch 3 Pl\u00e4tze frei<\/strong><\/p>\n<\/div>\n<\/div>\n\n\n\n<p><strong>Termin:<\/strong> Donnerstag, den 22. Januar bis Sonntag, den 25. Januar 2026<br><strong>Ort:<\/strong> Nordkolleg Rendsburg &#8211; Schleswig-Holstein <br><strong>Anmeldeschuss:<\/strong> 4. Januar 2026<br><strong>Dozent*innen<\/strong>: Carlo Feber und Lisa Kuppler<\/p>\n\n\n<div class=\"wp-block-image is-resized\">\n<figure class=\"alignright size-large\"><img loading=\"lazy\" decoding=\"async\" width=\"576\" height=\"1024\" src=\"https:\/\/www.krimilektorat.de\/creative\/wp-content\/uploads\/2024\/01\/Winter-ss0-24-576x1024.jpg\" alt=\"\" class=\"wp-image-571\" style=\"width:265px;height:auto\" srcset=\"https:\/\/www.krimilektorat.de\/creative\/wp-content\/uploads\/2024\/01\/Winter-ss0-24-576x1024.jpg 576w, https:\/\/www.krimilektorat.de\/creative\/wp-content\/uploads\/2024\/01\/Winter-ss0-24-169x300.jpg 169w, https:\/\/www.krimilektorat.de\/creative\/wp-content\/uploads\/2024\/01\/Winter-ss0-24-768x1365.jpg 768w, https:\/\/www.krimilektorat.de\/creative\/wp-content\/uploads\/2024\/01\/Winter-ss0-24-864x1536.jpg 864w, https:\/\/www.krimilektorat.de\/creative\/wp-content\/uploads\/2024\/01\/Winter-ss0-24-1152x2048.jpg 1152w, https:\/\/www.krimilektorat.de\/creative\/wp-content\/uploads\/2024\/01\/Winter-ss0-24-scaled.jpg 1440w\" sizes=\"auto, (max-width: 576px) 100vw, 576px\" \/><figcaption class=\"wp-element-caption\">Das Nordkolleg im Schnee.<\/figcaption><\/figure>\n<\/div>\n\n\n<p>Mit diesem dreit\u00e4gigen Schreibseminar bietet das Nordkolleg gemeinsam mit Carlo Feber und Lisa Kuppler ein verl\u00e4ngertes Schreibwochenende an, das den Teilnehmenden neben individuellem Coaching ausreichend Zeit l\u00e4sst, sich fernab des Alltags ganz dem eigenen Schreibprojekt zu widmen. <br><br>Von Donnerstag bis Sonntag k\u00fcmmert sich das Nordkolleg um das leibliche Wohl der Teilnehmer*innen, die sich so ganz auf ihr eigenes Schreibprojekt konzentrieren k\u00f6nnen. Ein individuelles Einzelcoaching mit den Dozent*innen sowie zwei Abendsitzungen im Plenum rund ums Schreiben und das eigene Projekt erg\u00e4nzen die Schreibtage. Wer in der Gruppe am eigenen Text schreiben m\u00f6chte, kann an einer von den Dozent*innen organisierten <a href=\"https:\/\/shutupwrite.com\/\">Shut up and Write<\/a>-Session teilnehmen<\/p>\n\n\n\n<p>F\u00fcr Teilnehmer*innen, die gerne mehr \u00fcber das Handwerkszeug des kreativen Schreibens erfahren m\u00f6chten, bieten Lektorin Lisa Kuppler und Autor Carlo Feber drei dreist\u00fcndige Workshops an, die je nach Voraussetzung und Interesse individuell zugebucht werden k\u00f6nnen.<br><br>Die Workshops der Winterlichen Schreibtagen 2026:<br><strong>Workshop 1: <\/strong> Struktur, Plot und Dramaturgie <br><strong>Workshop 2: <\/strong> Einf\u00fchrung ins perspektivische Schreiben<br><strong>Workshop 3:<\/strong>  Text-T\u00dcV mit eingereichten Texten der Teilnehmer*innen<\/p>\n\n\n\n<p class=\"has-background\" style=\"background-color:#c9fbf8\"><strong><a href=\"https:\/\/www.nordkolleg.de\/seminare\/details\/seminar\/l02-2026\/\" data-type=\"URL\" data-id=\"https:\/\/www.nordkolleg.de\/seminare\/details\/seminar\/l01-2023\/\">Anmeldung beim Nordkolleg<\/a><\/strong><br>Sie k\u00f6nnen sich bis zum 4. Januar 2026 \u00fcr die Schreibtage anmelden. Weitere Informationen \u00fcber die Schreibtage finden Sie <a href=\"https:\/\/www.nordkolleg.de\/seminare\/details\/seminar\/l02-2026\/\">hier<\/a>.<\/p>\n\n\n\n<p><\/p>\n<div style=\"margin-top: 0px; margin-bottom: 0px;\" class=\"sharethis-inline-follow-buttons\" ><\/div>","protected":false},"excerpt":{"rendered":"<p>Drei Tage nur Schreiben im hohen Norden Noch 3 Pl\u00e4tze frei Termin: Donnerstag, den 22. Januar bis Sonntag, den 25. Januar 2026Ort: Nordkolleg Rendsburg &#8211; Schleswig-Holstein Anmeldeschuss: 4. Januar 2026Dozent*innen: Carlo Feber und Lisa Kuppler Mit diesem dreit\u00e4gigen Schreibseminar bietet das Nordkolleg gemeinsam mit Carlo Feber und Lisa Kuppler ein verl\u00e4ngertes Schreibwochenende an, das den &hellip; <\/p>\n<p class=\"link-more\"><a href=\"https:\/\/www.krimilektorat.de\/creative\/winterliche-schreibtage\/\" class=\"more-link\"><span class=\"screen-reader-text\">\u201eWinterliche Schreibtage\u201c <\/span>weiterlesen<\/a><\/p>\n","protected":false},"author":1,"featured_media":0,"parent":0,"menu_order":0,"comment_status":"closed","ping_status":"closed","template":"","meta":{"footnotes":""},"class_list":["post-49","page","type-page","status-publish","hentry"],"_links":{"self":[{"href":"https:\/\/www.krimilektorat.de\/creative\/wp-json\/wp\/v2\/pages\/49","targetHints":{"allow":["GET"]}}],"collection":[{"href":"https:\/\/www.krimilektorat.de\/creative\/wp-json\/wp\/v2\/pages"}],"about":[{"href":"https:\/\/www.krimilektorat.de\/creative\/wp-json\/wp\/v2\/types\/page"}],"author":[{"embeddable":true,"href":"https:\/\/www.krimilektorat.de\/creative\/wp-json\/wp\/v2\/users\/1"}],"replies":[{"embeddable":true,"href":"https:\/\/www.krimilektorat.de\/creative\/wp-json\/wp\/v2\/comments?post=49"}],"version-history":[{"count":34,"href":"https:\/\/www.krimilektorat.de\/creative\/wp-json\/wp\/v2\/pages\/49\/revisions"}],"predecessor-version":[{"id":646,"href":"https:\/\/www.krimilektorat.de\/creative\/wp-json\/wp\/v2\/pages\/49\/revisions\/646"}],"wp:attachment":[{"href":"https:\/\/www.krimilektorat.de\/creative\/wp-json\/wp\/v2\/media?parent=49"}],"curies":[{"name":"wp","href":"https:\/\/api.w.org\/{rel}","templated":true}]}}