{"id":492,"date":"2023-02-24T15:13:37","date_gmt":"2023-02-24T14:13:37","guid":{"rendered":"https:\/\/www.krimilektorat.de\/creative\/?page_id=492"},"modified":"2026-04-28T12:06:50","modified_gmt":"2026-04-28T10:06:50","slug":"schreibkurse-2","status":"publish","type":"page","link":"https:\/\/www.krimilektorat.de\/creative\/schreibkurse-2\/","title":{"rendered":"Schreibkurse"},"content":{"rendered":"\n<div class=\"wp-block-columns is-layout-flex wp-container-core-columns-is-layout-9d6595d7 wp-block-columns-is-layout-flex\">\n<div class=\"wp-block-column is-layout-flow wp-block-column-is-layout-flow\">\n<div class=\"wp-block-columns is-layout-flex wp-container-core-columns-is-layout-9d6595d7 wp-block-columns-is-layout-flex\">\n<div class=\"wp-block-column is-layout-flow wp-block-column-is-layout-flow\" style=\"flex-basis:66.66%\">\n<p class=\"has-medium-font-size\">Die <a rel=\"noreferrer noopener\" href=\"https:\/\/www.krimilektorat.de\/creative\/winterliche-schreibtage\/\" target=\"_blank\">Winterlichen Schreibtage<\/a><\/p>\n\n\n\n<p>&#8230; finden jedes Jahr am Nordkolleg Rendsburg am letzten Januarwochenende statt.<\/p>\n\n\n\n<p><\/p>\n\n\n\n<p class=\"has-medium-font-size\">Das <a href=\"https:\/\/www.krimilektorat.de\/creative\/romancoaching\/\">Roman-Coaching-Seminar<\/a><\/p>\n\n\n\n<p>&#8230; findet jedes Jahr in der Himmelfahrtswoche, Montagabend bis Samstag, am Nordkolleg Rendsburg statt. Dieses Jahr bieten wir das Romancoaching-Seminar zus\u00e4tzlich auch im November 2026 an.<\/p>\n<\/div>\n\n\n\n<div class=\"wp-block-column is-layout-flow wp-block-column-is-layout-flow\" style=\"flex-basis:33.33%\">\n<figure class=\"wp-block-image size-large is-resized\"><img loading=\"lazy\" decoding=\"async\" width=\"765\" height=\"1024\" src=\"https:\/\/www.krimilektorat.de\/creative\/wp-content\/uploads\/2021\/06\/NK-Schubkarre-765x1024.jpg\" alt=\"\" class=\"wp-image-163\" srcset=\"https:\/\/www.krimilektorat.de\/creative\/wp-content\/uploads\/2021\/06\/NK-Schubkarre-765x1024.jpg 765w, https:\/\/www.krimilektorat.de\/creative\/wp-content\/uploads\/2021\/06\/NK-Schubkarre-224x300.jpg 224w, https:\/\/www.krimilektorat.de\/creative\/wp-content\/uploads\/2021\/06\/NK-Schubkarre-768x1028.jpg 768w, https:\/\/www.krimilektorat.de\/creative\/wp-content\/uploads\/2021\/06\/NK-Schubkarre.jpg 1000w\" sizes=\"auto, (max-width: 706px) 89vw, (max-width: 767px) 82vw, 740px\" \/><\/figure>\n<\/div>\n<\/div>\n<\/div>\n<\/div>\n\n\n\n<h2 class=\"wp-block-heading\">Die <a href=\"https:\/\/www.nordkolleg.de\/fachbereiche\/literatur-medien\/schreibakademie-am-nordkolleg\/\">Schreibakademie am Nordkolleg<\/a><\/h2>\n\n\n\n<div class=\"wp-block-columns is-layout-flex wp-container-core-columns-is-layout-9d6595d7 wp-block-columns-is-layout-flex\">\n<div class=\"wp-block-column is-layout-flow wp-block-column-is-layout-flow\" style=\"flex-basis:100%\">\n<div class=\"wp-block-columns is-layout-flex wp-container-core-columns-is-layout-9d6595d7 wp-block-columns-is-layout-flex\">\n<div class=\"wp-block-column is-layout-flow wp-block-column-is-layout-flow\" style=\"flex-basis:400px\">\n<p>&#8230; findet im zweij\u00e4hrlichen Rhythmus statt. Die Bewerbung f\u00fcr die Schreibakademie 2026\/27 ist ge\u00f6ffnet, Bewerbungsschluss ist der 1. Juni 2026. Ein Platz in der Schreibakademie wird als <a href=\"https:\/\/www.nordkolleg.de\/index.php?id=571\">Nordstern-Stipendium<\/a> vergeben.<\/p>\n<\/div>\n\n\n\n<div class=\"wp-block-column is-layout-flow wp-block-column-is-layout-flow\">\n<figure class=\"wp-block-image size-full is-resized\"><img loading=\"lazy\" decoding=\"async\" width=\"425\" height=\"224\" src=\"https:\/\/www.krimilektorat.de\/creative\/wp-content\/uploads\/2023\/12\/Schreibakademie-Stern.png\" alt=\"\" class=\"wp-image-554\" style=\"aspect-ratio:1.905109489051095;width:306px;height:auto\" srcset=\"https:\/\/www.krimilektorat.de\/creative\/wp-content\/uploads\/2023\/12\/Schreibakademie-Stern.png 425w, https:\/\/www.krimilektorat.de\/creative\/wp-content\/uploads\/2023\/12\/Schreibakademie-Stern-300x158.png 300w\" sizes=\"auto, (max-width: 425px) 100vw, 425px\" \/><\/figure>\n<\/div>\n<\/div>\n<\/div>\n<\/div>\n\n\n\n<h2 class=\"wp-block-heading\"><\/h2>\n\n\n\n<div class=\"wp-block-columns is-layout-flex wp-container-core-columns-is-layout-9d6595d7 wp-block-columns-is-layout-flex\">\n<div class=\"wp-block-column is-layout-flow wp-block-column-is-layout-flow\" style=\"flex-basis:100%\">\n<figure class=\"wp-block-image size-large is-resized\"><img loading=\"lazy\" decoding=\"async\" width=\"1024\" height=\"96\" src=\"https:\/\/www.krimilektorat.de\/creative\/wp-content\/uploads\/2021\/06\/schreibhain-logo-scharf-1024x96.png\" alt=\"\" class=\"wp-image-180\" style=\"width:459px;height:auto\" srcset=\"https:\/\/www.krimilektorat.de\/creative\/wp-content\/uploads\/2021\/06\/schreibhain-logo-scharf-1024x96.png 1024w, https:\/\/www.krimilektorat.de\/creative\/wp-content\/uploads\/2021\/06\/schreibhain-logo-scharf-300x28.png 300w, https:\/\/www.krimilektorat.de\/creative\/wp-content\/uploads\/2021\/06\/schreibhain-logo-scharf-768x72.png 768w, https:\/\/www.krimilektorat.de\/creative\/wp-content\/uploads\/2021\/06\/schreibhain-logo-scharf-1536x145.png 1536w, https:\/\/www.krimilektorat.de\/creative\/wp-content\/uploads\/2021\/06\/schreibhain-logo-scharf-2048x193.png 2048w\" sizes=\"auto, (max-width: 767px) 89vw, (max-width: 1000px) 54vw, (max-width: 1071px) 543px, 580px\" \/><\/figure>\n\n\n\n<p>Ich unterrichte kreatives Schreiben an der <a rel=\"noreferrer noopener\" href=\"https:\/\/schreibhain.com\/\" target=\"_blank\">Autorenschule Schreibhain<\/a> Berlin.<\/p>\n<\/div>\n<\/div>\n\n\n\n<p><\/p>\n<div style=\"margin-top: 0px; margin-bottom: 0px;\" class=\"sharethis-inline-follow-buttons\" ><\/div>","protected":false},"excerpt":{"rendered":"<p>Die Winterlichen Schreibtage &#8230; finden jedes Jahr am Nordkolleg Rendsburg am letzten Januarwochenende statt. Das Roman-Coaching-Seminar &#8230; findet jedes Jahr in der Himmelfahrtswoche, Montagabend bis Samstag, am Nordkolleg Rendsburg statt. Dieses Jahr bieten wir das Romancoaching-Seminar zus\u00e4tzlich auch im November 2026 an. Die Schreibakademie am Nordkolleg &#8230; findet im zweij\u00e4hrlichen Rhythmus statt. Die Bewerbung f\u00fcr &hellip; <\/p>\n<p class=\"link-more\"><a href=\"https:\/\/www.krimilektorat.de\/creative\/schreibkurse-2\/\" class=\"more-link\"><span class=\"screen-reader-text\">\u201eSchreibkurse\u201c <\/span>weiterlesen<\/a><\/p>\n","protected":false},"author":1,"featured_media":0,"parent":0,"menu_order":0,"comment_status":"closed","ping_status":"closed","template":"","meta":{"footnotes":""},"class_list":["post-492","page","type-page","status-publish","hentry"],"_links":{"self":[{"href":"https:\/\/www.krimilektorat.de\/creative\/wp-json\/wp\/v2\/pages\/492","targetHints":{"allow":["GET"]}}],"collection":[{"href":"https:\/\/www.krimilektorat.de\/creative\/wp-json\/wp\/v2\/pages"}],"about":[{"href":"https:\/\/www.krimilektorat.de\/creative\/wp-json\/wp\/v2\/types\/page"}],"author":[{"embeddable":true,"href":"https:\/\/www.krimilektorat.de\/creative\/wp-json\/wp\/v2\/users\/1"}],"replies":[{"embeddable":true,"href":"https:\/\/www.krimilektorat.de\/creative\/wp-json\/wp\/v2\/comments?post=492"}],"version-history":[{"count":9,"href":"https:\/\/www.krimilektorat.de\/creative\/wp-json\/wp\/v2\/pages\/492\/revisions"}],"predecessor-version":[{"id":665,"href":"https:\/\/www.krimilektorat.de\/creative\/wp-json\/wp\/v2\/pages\/492\/revisions\/665"}],"wp:attachment":[{"href":"https:\/\/www.krimilektorat.de\/creative\/wp-json\/wp\/v2\/media?parent=492"}],"curies":[{"name":"wp","href":"https:\/\/api.w.org\/{rel}","templated":true}]}}