{"id":7,"date":"2020-08-25T20:54:18","date_gmt":"2020-08-25T18:54:18","guid":{"rendered":"http:\/\/www.krimilektorat.de\/wordpress\/?page_id=7"},"modified":"2023-02-01T09:37:24","modified_gmt":"2023-02-01T08:37:24","slug":"lisakuppler","status":"publish","type":"page","link":"https:\/\/www.krimilektorat.de\/creative\/lisakuppler\/","title":{"rendered":"\u00dcber mich"},"content":{"rendered":"\n<div class=\"wp-block-columns is-layout-flex wp-container-core-columns-is-layout-9d6595d7 wp-block-columns-is-layout-flex\">\n<div class=\"wp-block-column is-layout-flow wp-block-column-is-layout-flow\"><\/div>\n<\/div>\n\n\n\n<figure class=\"wp-block-image size-large is-style-default\"><img loading=\"lazy\" decoding=\"async\" width=\"1024\" height=\"682\" src=\"https:\/\/www.krimilektorat.de\/creative\/wp-content\/uploads\/2023\/01\/MG_0115_bearb_20x30-sm-1024x682.jpg\" alt=\"\" class=\"wp-image-434\" srcset=\"https:\/\/www.krimilektorat.de\/creative\/wp-content\/uploads\/2023\/01\/MG_0115_bearb_20x30-sm-1024x682.jpg 1024w, https:\/\/www.krimilektorat.de\/creative\/wp-content\/uploads\/2023\/01\/MG_0115_bearb_20x30-sm-300x200.jpg 300w, https:\/\/www.krimilektorat.de\/creative\/wp-content\/uploads\/2023\/01\/MG_0115_bearb_20x30-sm-768x512.jpg 768w, https:\/\/www.krimilektorat.de\/creative\/wp-content\/uploads\/2023\/01\/MG_0115_bearb_20x30-sm-1536x1024.jpg 1536w, https:\/\/www.krimilektorat.de\/creative\/wp-content\/uploads\/2023\/01\/MG_0115_bearb_20x30-sm.jpg 2000w\" sizes=\"auto, (max-width: 767px) 89vw, (max-width: 1000px) 54vw, (max-width: 1071px) 543px, 580px\" \/><figcaption class=\"wp-element-caption\">Foto von <a href=\"https:\/\/www.doreenlemke.com\/\">Doreen Lemke<\/a> | Fotografie+Design<\/figcaption><\/figure>\n\n\n\n<p><\/p>\n\n\n\n<p><strong>Lisa Kuppler <\/strong>ist Lektorin, \u00dcbersetzerin und Schreibcoach.  In den 1990ern Jahren hat sie beim Rotbuch Verlag und Gabriele Dietze das Handwerk des Lektorierens gelernt und deutsche hardboiled Krimis verlegt.  Seither hat sie Liebesromane geschrieben (<em>Sturm der Liebe<\/em>), sie war Ghostwriterin, sie hat Anthologien herausgegeben (<em>Queer Crime, Astrokrimis<\/em>); seit zwanzig Jahren schreibt sie englische Fanfiction. Sie hat Micky Spillane ins Deutsche \u00fcbersetzt und an den aktuellen Editionen der deutschen <em>Herr der Ringe<\/em>-\u00dcbersetzungen mitgearbeitet. Die Genreliteratur, das Kino und die Geschichte sind ihre Leidenschaften. <\/p>\n\n\n\n<p>Unter dem Pseudonym <strong>Lisa Fessler<\/strong> schreibt sie Kurzgeschichten \u00fcber eine gl\u00fccksbringende Winkekatze und Fortnite-Geschichten f\u00fcr <a href=\"https:\/\/www.cenboud.de\/d\/brdm.html\" target=\"_blank\" rel=\"noreferrer noopener\">Battle Royale: Das Magazin<\/a>. Ihr aktuelles literarisches Projekt ist ein Fantasyroman in einem geteilten Berlin. Ansonsten schreibt sie an einem Schreibratgeber aus Sicht des Lektorats.<\/p>\n\n\n\n<p>Mehr zu Lisa und Tolkien auf der <a rel=\"noreferrer noopener\" href=\"https:\/\/www.ardapedia.org\/wiki\/Lisa_Kuppler\" target=\"_blank\">Ardapedia<\/a>.<\/p>\n\n\n\n<p>Mehr zu Lisas Fanfiction auf <a href=\"https:\/\/fanlore.org\/wiki\/Vaysh\">Fanlore<\/a>.<\/p>\n<div style=\"margin-top: 0px; margin-bottom: 0px;\" class=\"sharethis-inline-follow-buttons\" ><\/div>","protected":false},"excerpt":{"rendered":"<p>Lisa Kuppler ist Lektorin, \u00dcbersetzerin und Schreibcoach. In den 1990ern Jahren hat sie beim Rotbuch Verlag und Gabriele Dietze das Handwerk des Lektorierens gelernt und deutsche hardboiled Krimis verlegt. Seither hat sie Liebesromane geschrieben (Sturm der Liebe), sie war Ghostwriterin, sie hat Anthologien herausgegeben (Queer Crime, Astrokrimis); seit zwanzig Jahren schreibt sie englische Fanfiction. Sie &hellip; <\/p>\n<p class=\"link-more\"><a href=\"https:\/\/www.krimilektorat.de\/creative\/lisakuppler\/\" class=\"more-link\"><span class=\"screen-reader-text\">\u201e\u00dcber mich\u201c <\/span>weiterlesen<\/a><\/p>\n","protected":false},"author":1,"featured_media":0,"parent":0,"menu_order":0,"comment_status":"closed","ping_status":"closed","template":"","meta":{"footnotes":""},"class_list":["post-7","page","type-page","status-publish","hentry"],"_links":{"self":[{"href":"https:\/\/www.krimilektorat.de\/creative\/wp-json\/wp\/v2\/pages\/7","targetHints":{"allow":["GET"]}}],"collection":[{"href":"https:\/\/www.krimilektorat.de\/creative\/wp-json\/wp\/v2\/pages"}],"about":[{"href":"https:\/\/www.krimilektorat.de\/creative\/wp-json\/wp\/v2\/types\/page"}],"author":[{"embeddable":true,"href":"https:\/\/www.krimilektorat.de\/creative\/wp-json\/wp\/v2\/users\/1"}],"replies":[{"embeddable":true,"href":"https:\/\/www.krimilektorat.de\/creative\/wp-json\/wp\/v2\/comments?post=7"}],"version-history":[{"count":34,"href":"https:\/\/www.krimilektorat.de\/creative\/wp-json\/wp\/v2\/pages\/7\/revisions"}],"predecessor-version":[{"id":446,"href":"https:\/\/www.krimilektorat.de\/creative\/wp-json\/wp\/v2\/pages\/7\/revisions\/446"}],"wp:attachment":[{"href":"https:\/\/www.krimilektorat.de\/creative\/wp-json\/wp\/v2\/media?parent=7"}],"curies":[{"name":"wp","href":"https:\/\/api.w.org\/{rel}","templated":true}]}}